{"id":8,"date":"2024-05-15T17:43:13","date_gmt":"2024-05-15T15:43:13","guid":{"rendered":"https:\/\/leicaminaireseillanais.com\/?page_id=8"},"modified":"2025-12-31T10:27:09","modified_gmt":"2025-12-31T09:27:09","slug":"accueil","status":"publish","type":"page","link":"https:\/\/leicaminaireseillanais.com\/","title":{"rendered":"Lei Camina\u00efre Seillanais"},"content":{"rendered":"\n<div class=\"wp-block-columns is-layout-flex wp-container-core-columns-is-layout-9d6595d7 wp-block-columns-is-layout-flex\">\n<div class=\"wp-block-column is-layout-flow wp-block-column-is-layout-flow\" style=\"flex-basis:33.33%\">\n<figure class=\"wp-block-image size-medium\"><img loading=\"lazy\" decoding=\"async\" width=\"300\" height=\"300\" src=\"https:\/\/leicaminaireseillanais.com\/wp-content\/uploads\/2025\/12\/LEI-CAMINAIRE-SEILLANAIS-LOGO-White-300x300.png\" alt=\"\" class=\"wp-image-732\" srcset=\"https:\/\/leicaminaireseillanais.com\/wp-content\/uploads\/2025\/12\/LEI-CAMINAIRE-SEILLANAIS-LOGO-White-300x300.png 300w, https:\/\/leicaminaireseillanais.com\/wp-content\/uploads\/2025\/12\/LEI-CAMINAIRE-SEILLANAIS-LOGO-White-1024x1024.png 1024w, https:\/\/leicaminaireseillanais.com\/wp-content\/uploads\/2025\/12\/LEI-CAMINAIRE-SEILLANAIS-LOGO-White-150x150.png 150w, https:\/\/leicaminaireseillanais.com\/wp-content\/uploads\/2025\/12\/LEI-CAMINAIRE-SEILLANAIS-LOGO-White-768x768.png 768w, https:\/\/leicaminaireseillanais.com\/wp-content\/uploads\/2025\/12\/LEI-CAMINAIRE-SEILLANAIS-LOGO-White-1536x1536.png 1536w, https:\/\/leicaminaireseillanais.com\/wp-content\/uploads\/2025\/12\/LEI-CAMINAIRE-SEILLANAIS-LOGO-White-2048x2048.png 2048w\" sizes=\"auto, (max-width: 300px) 100vw, 300px\" \/><\/figure>\n<\/div>\n\n\n\n<div class=\"wp-block-column is-layout-flow wp-block-column-is-layout-flow\" style=\"flex-basis:66.66%\">\n<p>Lei caminaire organise et encadre des randonn\u00e9es p\u00e9destres. Ces randonn\u00e9es peuvent avoir une orientation culturelle, patrimoniale, ou simplement la d\u00e9couverte de la r\u00e9gion.<\/p>\n\n\n\n<p>L\u2019association est affili\u00e9e \u00e0 la F\u00e9d\u00e9ration Fran\u00e7aise de Randonn\u00e9e P\u00e9destre.<br>Elle entretien le balisage de 100km sur la commune de Seillans repr\u00e9sentant une douzaine de circuits (modulables) dont le Grand Tour de Seillans et ses 32km.<\/p>\n<\/div>\n<\/div>\n\n\n\n<p><\/p>\n\n\n\n<p><br><\/p>\n","protected":false},"excerpt":{"rendered":"<p>Lei caminaire organise et encadre des randonn\u00e9es p\u00e9destres. Ces randonn\u00e9es peuvent avoir une orientation culturelle, patrimoniale, ou simplement la d\u00e9couverte de la r\u00e9gion. L\u2019association est affili\u00e9e \u00e0 la F\u00e9d\u00e9ration Fran\u00e7aise de Randonn\u00e9e P\u00e9destre.Elle entretien le balisage de 100km sur la commune de Seillans repr\u00e9sentant une douzaine de circuits (modulables) dont [&hellip;]<\/p>\n","protected":false},"author":1,"featured_media":55,"parent":0,"menu_order":0,"comment_status":"closed","ping_status":"closed","template":"","meta":{"footnotes":""},"class_list":["post-8","page","type-page","status-publish","has-post-thumbnail","hentry"],"yoast_head":"<!-- This site is optimized with the Yoast SEO plugin v26.7 - https:\/\/yoast.com\/wordpress\/plugins\/seo\/ -->\n<title>Lei Camina\u00efre Seillanais - Lei Camina\u00efre Seillanais<\/title>\n<meta name=\"robots\" content=\"index, follow, max-snippet:-1, max-image-preview:large, max-video-preview:-1\" \/>\n<link rel=\"canonical\" href=\"https:\/\/leicaminaireseillanais.com\/\" \/>\n<meta property=\"og:locale\" content=\"fr_FR\" \/>\n<meta property=\"og:type\" content=\"article\" \/>\n<meta property=\"og:title\" content=\"Lei Camina\u00efre Seillanais - Lei Camina\u00efre Seillanais\" \/>\n<meta property=\"og:description\" content=\"Lei caminaire organise et encadre des randonn\u00e9es p\u00e9destres. Ces randonn\u00e9es peuvent avoir une orientation culturelle, patrimoniale, ou simplement la d\u00e9couverte de la r\u00e9gion. L\u2019association est affili\u00e9e \u00e0 la F\u00e9d\u00e9ration Fran\u00e7aise de Randonn\u00e9e P\u00e9destre.Elle entretien le balisage de 100km sur la commune de Seillans repr\u00e9sentant une douzaine de circuits (modulables) dont [&hellip;]\" \/>\n<meta property=\"og:url\" content=\"https:\/\/leicaminaireseillanais.com\/\" \/>\n<meta property=\"og:site_name\" content=\"Lei Camina\u00efre Seillanais\" \/>\n<meta property=\"article:modified_time\" content=\"2025-12-31T09:27:09+00:00\" \/>\n<meta property=\"og:image\" content=\"https:\/\/leicaminaireseillanais.com\/wp-content\/uploads\/2024\/07\/20210513_100420-scaled.jpg\" \/>\n\t<meta property=\"og:image:width\" content=\"2560\" \/>\n\t<meta property=\"og:image:height\" content=\"1440\" \/>\n\t<meta property=\"og:image:type\" content=\"image\/jpeg\" \/>\n<meta name=\"twitter:card\" content=\"summary_large_image\" \/>\n<meta name=\"twitter:label1\" content=\"Dur\u00e9e de lecture estim\u00e9e\" \/>\n\t<meta name=\"twitter:data1\" content=\"1 minute\" \/>\n<script type=\"application\/ld+json\" class=\"yoast-schema-graph\">{\"@context\":\"https:\/\/schema.org\",\"@graph\":[{\"@type\":\"WebPage\",\"@id\":\"https:\/\/leicaminaireseillanais.com\/\",\"url\":\"https:\/\/leicaminaireseillanais.com\/\",\"name\":\"Lei Camina\u00efre Seillanais - Lei Camina\u00efre Seillanais\",\"isPartOf\":{\"@id\":\"https:\/\/leicaminaireseillanais.com\/#website\"},\"primaryImageOfPage\":{\"@id\":\"https:\/\/leicaminaireseillanais.com\/#primaryimage\"},\"image\":{\"@id\":\"https:\/\/leicaminaireseillanais.com\/#primaryimage\"},\"thumbnailUrl\":\"https:\/\/leicaminaireseillanais.com\/wp-content\/uploads\/2024\/07\/20210513_100420-scaled.jpg\",\"datePublished\":\"2024-05-15T15:43:13+00:00\",\"dateModified\":\"2025-12-31T09:27:09+00:00\",\"breadcrumb\":{\"@id\":\"https:\/\/leicaminaireseillanais.com\/#breadcrumb\"},\"inLanguage\":\"fr-FR\",\"potentialAction\":[{\"@type\":\"ReadAction\",\"target\":[\"https:\/\/leicaminaireseillanais.com\/\"]}]},{\"@type\":\"ImageObject\",\"inLanguage\":\"fr-FR\",\"@id\":\"https:\/\/leicaminaireseillanais.com\/#primaryimage\",\"url\":\"https:\/\/leicaminaireseillanais.com\/wp-content\/uploads\/2024\/07\/20210513_100420-scaled.jpg\",\"contentUrl\":\"https:\/\/leicaminaireseillanais.com\/wp-content\/uploads\/2024\/07\/20210513_100420-scaled.jpg\",\"width\":2560,\"height\":1440},{\"@type\":\"BreadcrumbList\",\"@id\":\"https:\/\/leicaminaireseillanais.com\/#breadcrumb\",\"itemListElement\":[{\"@type\":\"ListItem\",\"position\":1,\"name\":\"Accueil\",\"item\":\"https:\/\/leicaminaireseillanais.com\/\"},{\"@type\":\"ListItem\",\"position\":2,\"name\":\"Lei Camina\u00efre Seillanais\"}]},{\"@type\":\"WebSite\",\"@id\":\"https:\/\/leicaminaireseillanais.com\/#website\",\"url\":\"https:\/\/leicaminaireseillanais.com\/\",\"name\":\"Lei Camina\u00efre Seillanais\",\"description\":\"Organise et encadre des randonn\u00e9es p\u00e9destres.\",\"publisher\":{\"@id\":\"https:\/\/leicaminaireseillanais.com\/#organization\"},\"potentialAction\":[{\"@type\":\"SearchAction\",\"target\":{\"@type\":\"EntryPoint\",\"urlTemplate\":\"https:\/\/leicaminaireseillanais.com\/?s={search_term_string}\"},\"query-input\":{\"@type\":\"PropertyValueSpecification\",\"valueRequired\":true,\"valueName\":\"search_term_string\"}}],\"inLanguage\":\"fr-FR\"},{\"@type\":\"Organization\",\"@id\":\"https:\/\/leicaminaireseillanais.com\/#organization\",\"name\":\"Lei Camina\u00efre Seillanais\",\"url\":\"https:\/\/leicaminaireseillanais.com\/\",\"logo\":{\"@type\":\"ImageObject\",\"inLanguage\":\"fr-FR\",\"@id\":\"https:\/\/leicaminaireseillanais.com\/#\/schema\/logo\/image\/\",\"url\":\"https:\/\/leicaminaireseillanais.com\/wp-content\/uploads\/2025\/12\/cropped-LEI-CAMINAIRE-SEILLANAIS-LOGO-icone.png\",\"contentUrl\":\"https:\/\/leicaminaireseillanais.com\/wp-content\/uploads\/2025\/12\/cropped-LEI-CAMINAIRE-SEILLANAIS-LOGO-icone.png\",\"width\":150,\"height\":148,\"caption\":\"Lei Camina\u00efre Seillanais\"},\"image\":{\"@id\":\"https:\/\/leicaminaireseillanais.com\/#\/schema\/logo\/image\/\"}}]}<\/script>\n<!-- \/ Yoast SEO plugin. -->","yoast_head_json":{"title":"Lei Camina\u00efre Seillanais - Lei Camina\u00efre Seillanais","robots":{"index":"index","follow":"follow","max-snippet":"max-snippet:-1","max-image-preview":"max-image-preview:large","max-video-preview":"max-video-preview:-1"},"canonical":"https:\/\/leicaminaireseillanais.com\/","og_locale":"fr_FR","og_type":"article","og_title":"Lei Camina\u00efre Seillanais - Lei Camina\u00efre Seillanais","og_description":"Lei caminaire organise et encadre des randonn\u00e9es p\u00e9destres. Ces randonn\u00e9es peuvent avoir une orientation culturelle, patrimoniale, ou simplement la d\u00e9couverte de la r\u00e9gion. L\u2019association est affili\u00e9e \u00e0 la F\u00e9d\u00e9ration Fran\u00e7aise de Randonn\u00e9e P\u00e9destre.Elle entretien le balisage de 100km sur la commune de Seillans repr\u00e9sentant une douzaine de circuits (modulables) dont [&hellip;]","og_url":"https:\/\/leicaminaireseillanais.com\/","og_site_name":"Lei Camina\u00efre Seillanais","article_modified_time":"2025-12-31T09:27:09+00:00","og_image":[{"width":2560,"height":1440,"url":"https:\/\/leicaminaireseillanais.com\/wp-content\/uploads\/2024\/07\/20210513_100420-scaled.jpg","type":"image\/jpeg"}],"twitter_card":"summary_large_image","twitter_misc":{"Dur\u00e9e de lecture estim\u00e9e":"1 minute"},"schema":{"@context":"https:\/\/schema.org","@graph":[{"@type":"WebPage","@id":"https:\/\/leicaminaireseillanais.com\/","url":"https:\/\/leicaminaireseillanais.com\/","name":"Lei Camina\u00efre Seillanais - Lei Camina\u00efre Seillanais","isPartOf":{"@id":"https:\/\/leicaminaireseillanais.com\/#website"},"primaryImageOfPage":{"@id":"https:\/\/leicaminaireseillanais.com\/#primaryimage"},"image":{"@id":"https:\/\/leicaminaireseillanais.com\/#primaryimage"},"thumbnailUrl":"https:\/\/leicaminaireseillanais.com\/wp-content\/uploads\/2024\/07\/20210513_100420-scaled.jpg","datePublished":"2024-05-15T15:43:13+00:00","dateModified":"2025-12-31T09:27:09+00:00","breadcrumb":{"@id":"https:\/\/leicaminaireseillanais.com\/#breadcrumb"},"inLanguage":"fr-FR","potentialAction":[{"@type":"ReadAction","target":["https:\/\/leicaminaireseillanais.com\/"]}]},{"@type":"ImageObject","inLanguage":"fr-FR","@id":"https:\/\/leicaminaireseillanais.com\/#primaryimage","url":"https:\/\/leicaminaireseillanais.com\/wp-content\/uploads\/2024\/07\/20210513_100420-scaled.jpg","contentUrl":"https:\/\/leicaminaireseillanais.com\/wp-content\/uploads\/2024\/07\/20210513_100420-scaled.jpg","width":2560,"height":1440},{"@type":"BreadcrumbList","@id":"https:\/\/leicaminaireseillanais.com\/#breadcrumb","itemListElement":[{"@type":"ListItem","position":1,"name":"Accueil","item":"https:\/\/leicaminaireseillanais.com\/"},{"@type":"ListItem","position":2,"name":"Lei Camina\u00efre Seillanais"}]},{"@type":"WebSite","@id":"https:\/\/leicaminaireseillanais.com\/#website","url":"https:\/\/leicaminaireseillanais.com\/","name":"Lei Camina\u00efre Seillanais","description":"Organise et encadre des randonn\u00e9es p\u00e9destres.","publisher":{"@id":"https:\/\/leicaminaireseillanais.com\/#organization"},"potentialAction":[{"@type":"SearchAction","target":{"@type":"EntryPoint","urlTemplate":"https:\/\/leicaminaireseillanais.com\/?s={search_term_string}"},"query-input":{"@type":"PropertyValueSpecification","valueRequired":true,"valueName":"search_term_string"}}],"inLanguage":"fr-FR"},{"@type":"Organization","@id":"https:\/\/leicaminaireseillanais.com\/#organization","name":"Lei Camina\u00efre Seillanais","url":"https:\/\/leicaminaireseillanais.com\/","logo":{"@type":"ImageObject","inLanguage":"fr-FR","@id":"https:\/\/leicaminaireseillanais.com\/#\/schema\/logo\/image\/","url":"https:\/\/leicaminaireseillanais.com\/wp-content\/uploads\/2025\/12\/cropped-LEI-CAMINAIRE-SEILLANAIS-LOGO-icone.png","contentUrl":"https:\/\/leicaminaireseillanais.com\/wp-content\/uploads\/2025\/12\/cropped-LEI-CAMINAIRE-SEILLANAIS-LOGO-icone.png","width":150,"height":148,"caption":"Lei Camina\u00efre Seillanais"},"image":{"@id":"https:\/\/leicaminaireseillanais.com\/#\/schema\/logo\/image\/"}}]}},"_links":{"self":[{"href":"https:\/\/leicaminaireseillanais.com\/index.php\/wp-json\/wp\/v2\/pages\/8","targetHints":{"allow":["GET"]}}],"collection":[{"href":"https:\/\/leicaminaireseillanais.com\/index.php\/wp-json\/wp\/v2\/pages"}],"about":[{"href":"https:\/\/leicaminaireseillanais.com\/index.php\/wp-json\/wp\/v2\/types\/page"}],"author":[{"embeddable":true,"href":"https:\/\/leicaminaireseillanais.com\/index.php\/wp-json\/wp\/v2\/users\/1"}],"replies":[{"embeddable":true,"href":"https:\/\/leicaminaireseillanais.com\/index.php\/wp-json\/wp\/v2\/comments?post=8"}],"version-history":[{"count":18,"href":"https:\/\/leicaminaireseillanais.com\/index.php\/wp-json\/wp\/v2\/pages\/8\/revisions"}],"predecessor-version":[{"id":734,"href":"https:\/\/leicaminaireseillanais.com\/index.php\/wp-json\/wp\/v2\/pages\/8\/revisions\/734"}],"wp:featuredmedia":[{"embeddable":true,"href":"https:\/\/leicaminaireseillanais.com\/index.php\/wp-json\/wp\/v2\/media\/55"}],"wp:attachment":[{"href":"https:\/\/leicaminaireseillanais.com\/index.php\/wp-json\/wp\/v2\/media?parent=8"}],"curies":[{"name":"wp","href":"https:\/\/api.w.org\/{rel}","templated":true}]}}