{"id":24,"date":"2024-05-15T17:53:17","date_gmt":"2024-05-15T15:53:17","guid":{"rendered":"https:\/\/leicaminaireseillanais.com\/?page_id=24"},"modified":"2024-11-29T17:11:54","modified_gmt":"2024-11-29T16:11:54","slug":"nous-contacter","status":"publish","type":"page","link":"https:\/\/leicaminaireseillanais.com\/index.php\/nous-contacter\/","title":{"rendered":"Nous Contacter"},"content":{"rendered":"\n<h4 class=\"wp-block-heading\">Coordonn\u00e9es<\/h4>\n\n\n\n<p><strong>LEI CAMINAIRE SEILLANAIS<\/strong><\/p>\n\n\n\n<p>1 Rue de L&rsquo;\u00e9glise<\/p>\n\n\n\n<p>83440 SEILLANS<\/p>\n\n\n\n<p><\/p>\n\n\n\n<h4 class=\"wp-block-heading\"><br><strong>Email :\u00a0<a href=\"mailto:leicaminaireseillanais@gmail.com\">leicaminaireseillanais@gmail.com<\/a><\/strong><\/h4>\n","protected":false},"excerpt":{"rendered":"<p>Coordonn\u00e9es LEI CAMINAIRE SEILLANAIS 1 Rue de L&rsquo;\u00e9glise 83440 SEILLANS Email :\u00a0leicaminaireseillanais@gmail.com<\/p>\n","protected":false},"author":1,"featured_media":0,"parent":0,"menu_order":0,"comment_status":"closed","ping_status":"closed","template":"","meta":{"footnotes":""},"class_list":["post-24","page","type-page","status-publish","hentry"],"yoast_head":"<!-- This site is optimized with the Yoast SEO plugin v26.7 - https:\/\/yoast.com\/wordpress\/plugins\/seo\/ -->\n<title>Nous Contacter - Lei Camina\u00efre Seillanais<\/title>\n<meta name=\"robots\" content=\"index, follow, max-snippet:-1, max-image-preview:large, max-video-preview:-1\" \/>\n<link rel=\"canonical\" href=\"https:\/\/leicaminaireseillanais.com\/index.php\/nous-contacter\/\" \/>\n<meta property=\"og:locale\" content=\"fr_FR\" \/>\n<meta property=\"og:type\" content=\"article\" \/>\n<meta property=\"og:title\" content=\"Nous Contacter - Lei Camina\u00efre Seillanais\" \/>\n<meta property=\"og:description\" content=\"Coordonn\u00e9es LEI CAMINAIRE SEILLANAIS 1 Rue de L&rsquo;\u00e9glise 83440 SEILLANS Email :\u00a0leicaminaireseillanais@gmail.com\" \/>\n<meta property=\"og:url\" content=\"https:\/\/leicaminaireseillanais.com\/index.php\/nous-contacter\/\" \/>\n<meta property=\"og:site_name\" content=\"Lei Camina\u00efre Seillanais\" \/>\n<meta property=\"article:modified_time\" content=\"2024-11-29T16:11:54+00:00\" \/>\n<meta name=\"twitter:card\" content=\"summary_large_image\" \/>\n<meta name=\"twitter:label1\" content=\"Dur\u00e9e de lecture estim\u00e9e\" \/>\n\t<meta name=\"twitter:data1\" content=\"1 minute\" \/>\n<script type=\"application\/ld+json\" class=\"yoast-schema-graph\">{\"@context\":\"https:\/\/schema.org\",\"@graph\":[{\"@type\":\"WebPage\",\"@id\":\"https:\/\/leicaminaireseillanais.com\/index.php\/nous-contacter\/\",\"url\":\"https:\/\/leicaminaireseillanais.com\/index.php\/nous-contacter\/\",\"name\":\"Nous Contacter - Lei Camina\u00efre Seillanais\",\"isPartOf\":{\"@id\":\"https:\/\/leicaminaireseillanais.com\/#website\"},\"datePublished\":\"2024-05-15T15:53:17+00:00\",\"dateModified\":\"2024-11-29T16:11:54+00:00\",\"breadcrumb\":{\"@id\":\"https:\/\/leicaminaireseillanais.com\/index.php\/nous-contacter\/#breadcrumb\"},\"inLanguage\":\"fr-FR\",\"potentialAction\":[{\"@type\":\"ReadAction\",\"target\":[\"https:\/\/leicaminaireseillanais.com\/index.php\/nous-contacter\/\"]}]},{\"@type\":\"BreadcrumbList\",\"@id\":\"https:\/\/leicaminaireseillanais.com\/index.php\/nous-contacter\/#breadcrumb\",\"itemListElement\":[{\"@type\":\"ListItem\",\"position\":1,\"name\":\"Accueil\",\"item\":\"https:\/\/leicaminaireseillanais.com\/\"},{\"@type\":\"ListItem\",\"position\":2,\"name\":\"Nous Contacter\"}]},{\"@type\":\"WebSite\",\"@id\":\"https:\/\/leicaminaireseillanais.com\/#website\",\"url\":\"https:\/\/leicaminaireseillanais.com\/\",\"name\":\"Lei Camina\u00efre Seillanais\",\"description\":\"Organise et encadre des randonn\u00e9es p\u00e9destres.\",\"publisher\":{\"@id\":\"https:\/\/leicaminaireseillanais.com\/#organization\"},\"potentialAction\":[{\"@type\":\"SearchAction\",\"target\":{\"@type\":\"EntryPoint\",\"urlTemplate\":\"https:\/\/leicaminaireseillanais.com\/?s={search_term_string}\"},\"query-input\":{\"@type\":\"PropertyValueSpecification\",\"valueRequired\":true,\"valueName\":\"search_term_string\"}}],\"inLanguage\":\"fr-FR\"},{\"@type\":\"Organization\",\"@id\":\"https:\/\/leicaminaireseillanais.com\/#organization\",\"name\":\"Lei Camina\u00efre Seillanais\",\"url\":\"https:\/\/leicaminaireseillanais.com\/\",\"logo\":{\"@type\":\"ImageObject\",\"inLanguage\":\"fr-FR\",\"@id\":\"https:\/\/leicaminaireseillanais.com\/#\/schema\/logo\/image\/\",\"url\":\"https:\/\/leicaminaireseillanais.com\/wp-content\/uploads\/2025\/12\/cropped-LEI-CAMINAIRE-SEILLANAIS-LOGO-icone.png\",\"contentUrl\":\"https:\/\/leicaminaireseillanais.com\/wp-content\/uploads\/2025\/12\/cropped-LEI-CAMINAIRE-SEILLANAIS-LOGO-icone.png\",\"width\":150,\"height\":148,\"caption\":\"Lei Camina\u00efre Seillanais\"},\"image\":{\"@id\":\"https:\/\/leicaminaireseillanais.com\/#\/schema\/logo\/image\/\"}}]}<\/script>\n<!-- \/ Yoast SEO plugin. -->","yoast_head_json":{"title":"Nous Contacter - Lei Camina\u00efre Seillanais","robots":{"index":"index","follow":"follow","max-snippet":"max-snippet:-1","max-image-preview":"max-image-preview:large","max-video-preview":"max-video-preview:-1"},"canonical":"https:\/\/leicaminaireseillanais.com\/index.php\/nous-contacter\/","og_locale":"fr_FR","og_type":"article","og_title":"Nous Contacter - Lei Camina\u00efre Seillanais","og_description":"Coordonn\u00e9es LEI CAMINAIRE SEILLANAIS 1 Rue de L&rsquo;\u00e9glise 83440 SEILLANS Email :\u00a0leicaminaireseillanais@gmail.com","og_url":"https:\/\/leicaminaireseillanais.com\/index.php\/nous-contacter\/","og_site_name":"Lei Camina\u00efre Seillanais","article_modified_time":"2024-11-29T16:11:54+00:00","twitter_card":"summary_large_image","twitter_misc":{"Dur\u00e9e de lecture estim\u00e9e":"1 minute"},"schema":{"@context":"https:\/\/schema.org","@graph":[{"@type":"WebPage","@id":"https:\/\/leicaminaireseillanais.com\/index.php\/nous-contacter\/","url":"https:\/\/leicaminaireseillanais.com\/index.php\/nous-contacter\/","name":"Nous Contacter - Lei Camina\u00efre Seillanais","isPartOf":{"@id":"https:\/\/leicaminaireseillanais.com\/#website"},"datePublished":"2024-05-15T15:53:17+00:00","dateModified":"2024-11-29T16:11:54+00:00","breadcrumb":{"@id":"https:\/\/leicaminaireseillanais.com\/index.php\/nous-contacter\/#breadcrumb"},"inLanguage":"fr-FR","potentialAction":[{"@type":"ReadAction","target":["https:\/\/leicaminaireseillanais.com\/index.php\/nous-contacter\/"]}]},{"@type":"BreadcrumbList","@id":"https:\/\/leicaminaireseillanais.com\/index.php\/nous-contacter\/#breadcrumb","itemListElement":[{"@type":"ListItem","position":1,"name":"Accueil","item":"https:\/\/leicaminaireseillanais.com\/"},{"@type":"ListItem","position":2,"name":"Nous Contacter"}]},{"@type":"WebSite","@id":"https:\/\/leicaminaireseillanais.com\/#website","url":"https:\/\/leicaminaireseillanais.com\/","name":"Lei Camina\u00efre Seillanais","description":"Organise et encadre des randonn\u00e9es p\u00e9destres.","publisher":{"@id":"https:\/\/leicaminaireseillanais.com\/#organization"},"potentialAction":[{"@type":"SearchAction","target":{"@type":"EntryPoint","urlTemplate":"https:\/\/leicaminaireseillanais.com\/?s={search_term_string}"},"query-input":{"@type":"PropertyValueSpecification","valueRequired":true,"valueName":"search_term_string"}}],"inLanguage":"fr-FR"},{"@type":"Organization","@id":"https:\/\/leicaminaireseillanais.com\/#organization","name":"Lei Camina\u00efre Seillanais","url":"https:\/\/leicaminaireseillanais.com\/","logo":{"@type":"ImageObject","inLanguage":"fr-FR","@id":"https:\/\/leicaminaireseillanais.com\/#\/schema\/logo\/image\/","url":"https:\/\/leicaminaireseillanais.com\/wp-content\/uploads\/2025\/12\/cropped-LEI-CAMINAIRE-SEILLANAIS-LOGO-icone.png","contentUrl":"https:\/\/leicaminaireseillanais.com\/wp-content\/uploads\/2025\/12\/cropped-LEI-CAMINAIRE-SEILLANAIS-LOGO-icone.png","width":150,"height":148,"caption":"Lei Camina\u00efre Seillanais"},"image":{"@id":"https:\/\/leicaminaireseillanais.com\/#\/schema\/logo\/image\/"}}]}},"_links":{"self":[{"href":"https:\/\/leicaminaireseillanais.com\/index.php\/wp-json\/wp\/v2\/pages\/24","targetHints":{"allow":["GET"]}}],"collection":[{"href":"https:\/\/leicaminaireseillanais.com\/index.php\/wp-json\/wp\/v2\/pages"}],"about":[{"href":"https:\/\/leicaminaireseillanais.com\/index.php\/wp-json\/wp\/v2\/types\/page"}],"author":[{"embeddable":true,"href":"https:\/\/leicaminaireseillanais.com\/index.php\/wp-json\/wp\/v2\/users\/1"}],"replies":[{"embeddable":true,"href":"https:\/\/leicaminaireseillanais.com\/index.php\/wp-json\/wp\/v2\/comments?post=24"}],"version-history":[{"count":7,"href":"https:\/\/leicaminaireseillanais.com\/index.php\/wp-json\/wp\/v2\/pages\/24\/revisions"}],"predecessor-version":[{"id":383,"href":"https:\/\/leicaminaireseillanais.com\/index.php\/wp-json\/wp\/v2\/pages\/24\/revisions\/383"}],"wp:attachment":[{"href":"https:\/\/leicaminaireseillanais.com\/index.php\/wp-json\/wp\/v2\/media?parent=24"}],"curies":[{"name":"wp","href":"https:\/\/api.w.org\/{rel}","templated":true}]}}