{"id":22,"date":"2024-05-15T17:52:55","date_gmt":"2024-05-15T15:52:55","guid":{"rendered":"https:\/\/leicaminaireseillanais.com\/?page_id=22"},"modified":"2025-09-02T13:30:15","modified_gmt":"2025-09-02T11:30:15","slug":"inscription","status":"publish","type":"page","link":"https:\/\/leicaminaireseillanais.com\/index.php\/inscription\/","title":{"rendered":"Inscription"},"content":{"rendered":"\n<p>L\u2019adh\u00e9sion au club se fait par le biais d\u2019une cotisation annuelle et d\u2019une licence-assurance prise aupr\u00e8s de la f\u00e9d\u00e9ration.<br>Pour les marches, seule la participation au covoiturage est demand\u00e9e. Chaque randonneur peut participer aux marches hebdomadaires sans limite de nombre.<\/p>\n\n\n\n<p>Les documents compl\u00e9mentaires seront \u00e0 remettre \u00e0 votre animateur ou membre du bureau.<\/p>\n\n\n\n<p>Documents utiles:<\/p>\n\n\n\n<div class=\"wp-block-columns is-layout-flex wp-container-core-columns-is-layout-9d6595d7 wp-block-columns-is-layout-flex\">\n<div class=\"wp-block-column is-layout-flow wp-block-column-is-layout-flow\" style=\"flex-basis:25%\">\n<figure class=\"wp-block-image size-full is-resized\"><a href=\"https:\/\/forms.gle\/griyuAy784EXnA5ZA\" target=\"_blank\" rel=\"noreferrer noopener\"><img loading=\"lazy\" decoding=\"async\" width=\"256\" height=\"256\" src=\"https:\/\/leicaminaireseillanais.com\/wp-content\/uploads\/2024\/07\/icone-adhesion-2.png\" alt=\"Formulaire d'adh\u00e9sion\" class=\"wp-image-108\" style=\"width:210px;height:auto\" srcset=\"https:\/\/leicaminaireseillanais.com\/wp-content\/uploads\/2024\/07\/icone-adhesion-2.png 256w, https:\/\/leicaminaireseillanais.com\/wp-content\/uploads\/2024\/07\/icone-adhesion-2-150x150.png 150w\" sizes=\"auto, (max-width: 256px) 100vw, 256px\" \/><\/a><\/figure>\n<\/div>\n\n\n\n<div class=\"wp-block-column is-layout-flow wp-block-column-is-layout-flow\" style=\"flex-basis:25%\"><div class=\"wp-block-image\">\n<figure class=\"aligncenter size-full is-resized\"><a href=\"https:\/\/www.ffrandonnee.fr\/Media\/Default\/Documents\/clubs\/questionnaire-sante-2025-2026.pdf\" target=\"_blank\" rel=\" noreferrer noopener\"><img loading=\"lazy\" decoding=\"async\" width=\"256\" height=\"256\" src=\"https:\/\/leicaminaireseillanais.com\/wp-content\/uploads\/2024\/07\/Icone-questionnaire-medical.png\" alt=\"Questionnaire de sant\u00e9\" class=\"wp-image-104\" style=\"width:200px\" srcset=\"https:\/\/leicaminaireseillanais.com\/wp-content\/uploads\/2024\/07\/Icone-questionnaire-medical.png 256w, https:\/\/leicaminaireseillanais.com\/wp-content\/uploads\/2024\/07\/Icone-questionnaire-medical-150x150.png 150w\" sizes=\"auto, (max-width: 256px) 100vw, 256px\" \/><\/a><\/figure>\n<\/div><\/div>\n\n\n\n<div class=\"wp-block-column is-layout-flow wp-block-column-is-layout-flow\" style=\"flex-basis:25%\"><div class=\"wp-block-image\">\n<figure class=\"aligncenter size-full is-resized\"><a href=\"https:\/\/www.ffrandonnee.fr\/Media\/Default\/Documents\/clubs\/attestation-majeur-2025-2026.pdf\" target=\"_blank\" rel=\" noreferrer noopener\"><img loading=\"lazy\" decoding=\"async\" width=\"256\" height=\"256\" src=\"https:\/\/leicaminaireseillanais.com\/wp-content\/uploads\/2024\/07\/icone-attestation-majeur.png\" alt=\"Attestation majeur\" class=\"wp-image-105\" style=\"width:200px\" srcset=\"https:\/\/leicaminaireseillanais.com\/wp-content\/uploads\/2024\/07\/icone-attestation-majeur.png 256w, https:\/\/leicaminaireseillanais.com\/wp-content\/uploads\/2024\/07\/icone-attestation-majeur-150x150.png 150w\" sizes=\"auto, (max-width: 256px) 100vw, 256px\" \/><\/a><\/figure>\n<\/div><\/div>\n\n\n\n<div class=\"wp-block-column is-layout-flow wp-block-column-is-layout-flow\" style=\"flex-basis:25%\">\n<figure class=\"wp-block-image size-full\"><a href=\"https:\/\/www.ffrandonnee.fr\/Media\/Default\/Documents\/clubs\/questionnaire-sante-mineur-2025-2026.pdf\" target=\"_blank\" rel=\" noreferrer noopener\"><img loading=\"lazy\" decoding=\"async\" width=\"256\" height=\"256\" src=\"https:\/\/leicaminaireseillanais.com\/wp-content\/uploads\/2024\/07\/Icone-questionnaire-medical.png\" alt=\"Questionnaire de sant\u00e9\" class=\"wp-image-104\" srcset=\"https:\/\/leicaminaireseillanais.com\/wp-content\/uploads\/2024\/07\/Icone-questionnaire-medical.png 256w, https:\/\/leicaminaireseillanais.com\/wp-content\/uploads\/2024\/07\/Icone-questionnaire-medical-150x150.png 150w\" sizes=\"auto, (max-width: 256px) 100vw, 256px\" \/><\/a><\/figure>\n<\/div>\n<\/div>\n\n\n\n<div class=\"wp-block-columns is-layout-flex wp-container-core-columns-is-layout-9d6595d7 wp-block-columns-is-layout-flex\">\n<div class=\"wp-block-column is-layout-flow wp-block-column-is-layout-flow\">\n<h6 class=\"wp-block-heading has-text-align-center\">Formulaire d&rsquo;Adh\u00e9sion en ligne<\/h6>\n<\/div>\n\n\n\n<div class=\"wp-block-column is-layout-flow wp-block-column-is-layout-flow\">\n<h6 class=\"wp-block-heading has-text-align-center\">Questionnaire de sant\u00e9 majeur<\/h6>\n<\/div>\n\n\n\n<div class=\"wp-block-column is-layout-flow wp-block-column-is-layout-flow\">\n<h6 class=\"wp-block-heading has-text-align-center\">Attestation majeur<\/h6>\n<\/div>\n\n\n\n<div class=\"wp-block-column is-layout-flow wp-block-column-is-layout-flow\">\n<h6 class=\"wp-block-heading\">Questionnaire Sant\u00e9 mineur<\/h6>\n<\/div>\n<\/div>\n\n\n\n<p><strong>Pour les mineurs<\/strong>\u00a0: aucun CACI n\u2019est requis lors d\u2019une prise de licence ou de son renouvellement (loisirs et\/ou comp\u00e9titions). Attestation sur l\u2019honneur d\u2019avoir rempli le questionnaire de sant\u00e9 et d\u2019avoir pris les dispositions m\u00e9dicales n\u00e9cessaires en cas de r\u00e9ponse positive \u00e0 une question, afin d\u2019adapter sa pratique sportive \u00e0 son \u00e9tat de sant\u00e9 du moment.<\/p>\n\n\n\n<p>Pour plus d&rsquo;information concernant le certificat m\u00e9dical, vous pouvez consulter ce <a href=\"https:\/\/www.ffrandonnee.fr\/s-informer\/sante\/le-certificat-medical-pour-la-randonnee-pedestre-et-autres-activites-de-marche\">LIEN<\/a>.<\/p>\n\n\n\n<p><\/p>\n","protected":false},"excerpt":{"rendered":"<p>L\u2019adh\u00e9sion au club se fait par le biais d\u2019une cotisation annuelle et d\u2019une licence-assurance prise aupr\u00e8s de la f\u00e9d\u00e9ration.Pour les marches, seule la participation au covoiturage est demand\u00e9e. Chaque randonneur peut participer aux marches hebdomadaires sans limite de nombre. Les documents compl\u00e9mentaires seront \u00e0 remettre \u00e0 votre animateur ou membre [&hellip;]<\/p>\n","protected":false},"author":1,"featured_media":0,"parent":0,"menu_order":0,"comment_status":"closed","ping_status":"closed","template":"","meta":{"footnotes":""},"class_list":["post-22","page","type-page","status-publish","hentry"],"yoast_head":"<!-- This site is optimized with the Yoast SEO plugin v26.7 - https:\/\/yoast.com\/wordpress\/plugins\/seo\/ -->\n<title>Inscription - Lei Camina\u00efre Seillanais<\/title>\n<meta name=\"robots\" content=\"index, follow, max-snippet:-1, max-image-preview:large, max-video-preview:-1\" \/>\n<link rel=\"canonical\" href=\"https:\/\/leicaminaireseillanais.com\/index.php\/inscription\/\" \/>\n<meta property=\"og:locale\" content=\"fr_FR\" \/>\n<meta property=\"og:type\" content=\"article\" \/>\n<meta property=\"og:title\" content=\"Inscription - Lei Camina\u00efre Seillanais\" \/>\n<meta property=\"og:description\" content=\"L\u2019adh\u00e9sion au club se fait par le biais d\u2019une cotisation annuelle et d\u2019une licence-assurance prise aupr\u00e8s de la f\u00e9d\u00e9ration.Pour les marches, seule la participation au covoiturage est demand\u00e9e. Chaque randonneur peut participer aux marches hebdomadaires sans limite de nombre. Les documents compl\u00e9mentaires seront \u00e0 remettre \u00e0 votre animateur ou membre [&hellip;]\" \/>\n<meta property=\"og:url\" content=\"https:\/\/leicaminaireseillanais.com\/index.php\/inscription\/\" \/>\n<meta property=\"og:site_name\" content=\"Lei Camina\u00efre Seillanais\" \/>\n<meta property=\"article:modified_time\" content=\"2025-09-02T11:30:15+00:00\" \/>\n<meta property=\"og:image\" content=\"https:\/\/leicaminaireseillanais.com\/wp-content\/uploads\/2024\/07\/icone-adhesion-2.png\" \/>\n\t<meta property=\"og:image:width\" content=\"256\" \/>\n\t<meta property=\"og:image:height\" content=\"256\" \/>\n\t<meta property=\"og:image:type\" content=\"image\/png\" \/>\n<meta name=\"twitter:card\" content=\"summary_large_image\" \/>\n<meta name=\"twitter:label1\" content=\"Dur\u00e9e de lecture estim\u00e9e\" \/>\n\t<meta name=\"twitter:data1\" content=\"2 minutes\" \/>\n<script type=\"application\/ld+json\" class=\"yoast-schema-graph\">{\"@context\":\"https:\/\/schema.org\",\"@graph\":[{\"@type\":\"WebPage\",\"@id\":\"https:\/\/leicaminaireseillanais.com\/index.php\/inscription\/\",\"url\":\"https:\/\/leicaminaireseillanais.com\/index.php\/inscription\/\",\"name\":\"Inscription - Lei Camina\u00efre Seillanais\",\"isPartOf\":{\"@id\":\"https:\/\/leicaminaireseillanais.com\/#website\"},\"primaryImageOfPage\":{\"@id\":\"https:\/\/leicaminaireseillanais.com\/index.php\/inscription\/#primaryimage\"},\"image\":{\"@id\":\"https:\/\/leicaminaireseillanais.com\/index.php\/inscription\/#primaryimage\"},\"thumbnailUrl\":\"https:\/\/leicaminaireseillanais.com\/wp-content\/uploads\/2024\/07\/icone-adhesion-2.png\",\"datePublished\":\"2024-05-15T15:52:55+00:00\",\"dateModified\":\"2025-09-02T11:30:15+00:00\",\"breadcrumb\":{\"@id\":\"https:\/\/leicaminaireseillanais.com\/index.php\/inscription\/#breadcrumb\"},\"inLanguage\":\"fr-FR\",\"potentialAction\":[{\"@type\":\"ReadAction\",\"target\":[\"https:\/\/leicaminaireseillanais.com\/index.php\/inscription\/\"]}]},{\"@type\":\"ImageObject\",\"inLanguage\":\"fr-FR\",\"@id\":\"https:\/\/leicaminaireseillanais.com\/index.php\/inscription\/#primaryimage\",\"url\":\"https:\/\/leicaminaireseillanais.com\/wp-content\/uploads\/2024\/07\/icone-adhesion-2.png\",\"contentUrl\":\"https:\/\/leicaminaireseillanais.com\/wp-content\/uploads\/2024\/07\/icone-adhesion-2.png\",\"width\":256,\"height\":256},{\"@type\":\"BreadcrumbList\",\"@id\":\"https:\/\/leicaminaireseillanais.com\/index.php\/inscription\/#breadcrumb\",\"itemListElement\":[{\"@type\":\"ListItem\",\"position\":1,\"name\":\"Accueil\",\"item\":\"https:\/\/leicaminaireseillanais.com\/\"},{\"@type\":\"ListItem\",\"position\":2,\"name\":\"Inscription\"}]},{\"@type\":\"WebSite\",\"@id\":\"https:\/\/leicaminaireseillanais.com\/#website\",\"url\":\"https:\/\/leicaminaireseillanais.com\/\",\"name\":\"Lei Camina\u00efre Seillanais\",\"description\":\"Organise et encadre des randonn\u00e9es p\u00e9destres.\",\"publisher\":{\"@id\":\"https:\/\/leicaminaireseillanais.com\/#organization\"},\"potentialAction\":[{\"@type\":\"SearchAction\",\"target\":{\"@type\":\"EntryPoint\",\"urlTemplate\":\"https:\/\/leicaminaireseillanais.com\/?s={search_term_string}\"},\"query-input\":{\"@type\":\"PropertyValueSpecification\",\"valueRequired\":true,\"valueName\":\"search_term_string\"}}],\"inLanguage\":\"fr-FR\"},{\"@type\":\"Organization\",\"@id\":\"https:\/\/leicaminaireseillanais.com\/#organization\",\"name\":\"Lei Camina\u00efre Seillanais\",\"url\":\"https:\/\/leicaminaireseillanais.com\/\",\"logo\":{\"@type\":\"ImageObject\",\"inLanguage\":\"fr-FR\",\"@id\":\"https:\/\/leicaminaireseillanais.com\/#\/schema\/logo\/image\/\",\"url\":\"https:\/\/leicaminaireseillanais.com\/wp-content\/uploads\/2025\/12\/cropped-LEI-CAMINAIRE-SEILLANAIS-LOGO-icone.png\",\"contentUrl\":\"https:\/\/leicaminaireseillanais.com\/wp-content\/uploads\/2025\/12\/cropped-LEI-CAMINAIRE-SEILLANAIS-LOGO-icone.png\",\"width\":150,\"height\":148,\"caption\":\"Lei Camina\u00efre Seillanais\"},\"image\":{\"@id\":\"https:\/\/leicaminaireseillanais.com\/#\/schema\/logo\/image\/\"}}]}<\/script>\n<!-- \/ Yoast SEO plugin. -->","yoast_head_json":{"title":"Inscription - Lei Camina\u00efre Seillanais","robots":{"index":"index","follow":"follow","max-snippet":"max-snippet:-1","max-image-preview":"max-image-preview:large","max-video-preview":"max-video-preview:-1"},"canonical":"https:\/\/leicaminaireseillanais.com\/index.php\/inscription\/","og_locale":"fr_FR","og_type":"article","og_title":"Inscription - Lei Camina\u00efre Seillanais","og_description":"L\u2019adh\u00e9sion au club se fait par le biais d\u2019une cotisation annuelle et d\u2019une licence-assurance prise aupr\u00e8s de la f\u00e9d\u00e9ration.Pour les marches, seule la participation au covoiturage est demand\u00e9e. Chaque randonneur peut participer aux marches hebdomadaires sans limite de nombre. Les documents compl\u00e9mentaires seront \u00e0 remettre \u00e0 votre animateur ou membre [&hellip;]","og_url":"https:\/\/leicaminaireseillanais.com\/index.php\/inscription\/","og_site_name":"Lei Camina\u00efre Seillanais","article_modified_time":"2025-09-02T11:30:15+00:00","og_image":[{"width":256,"height":256,"url":"https:\/\/leicaminaireseillanais.com\/wp-content\/uploads\/2024\/07\/icone-adhesion-2.png","type":"image\/png"}],"twitter_card":"summary_large_image","twitter_misc":{"Dur\u00e9e de lecture estim\u00e9e":"2 minutes"},"schema":{"@context":"https:\/\/schema.org","@graph":[{"@type":"WebPage","@id":"https:\/\/leicaminaireseillanais.com\/index.php\/inscription\/","url":"https:\/\/leicaminaireseillanais.com\/index.php\/inscription\/","name":"Inscription - Lei Camina\u00efre Seillanais","isPartOf":{"@id":"https:\/\/leicaminaireseillanais.com\/#website"},"primaryImageOfPage":{"@id":"https:\/\/leicaminaireseillanais.com\/index.php\/inscription\/#primaryimage"},"image":{"@id":"https:\/\/leicaminaireseillanais.com\/index.php\/inscription\/#primaryimage"},"thumbnailUrl":"https:\/\/leicaminaireseillanais.com\/wp-content\/uploads\/2024\/07\/icone-adhesion-2.png","datePublished":"2024-05-15T15:52:55+00:00","dateModified":"2025-09-02T11:30:15+00:00","breadcrumb":{"@id":"https:\/\/leicaminaireseillanais.com\/index.php\/inscription\/#breadcrumb"},"inLanguage":"fr-FR","potentialAction":[{"@type":"ReadAction","target":["https:\/\/leicaminaireseillanais.com\/index.php\/inscription\/"]}]},{"@type":"ImageObject","inLanguage":"fr-FR","@id":"https:\/\/leicaminaireseillanais.com\/index.php\/inscription\/#primaryimage","url":"https:\/\/leicaminaireseillanais.com\/wp-content\/uploads\/2024\/07\/icone-adhesion-2.png","contentUrl":"https:\/\/leicaminaireseillanais.com\/wp-content\/uploads\/2024\/07\/icone-adhesion-2.png","width":256,"height":256},{"@type":"BreadcrumbList","@id":"https:\/\/leicaminaireseillanais.com\/index.php\/inscription\/#breadcrumb","itemListElement":[{"@type":"ListItem","position":1,"name":"Accueil","item":"https:\/\/leicaminaireseillanais.com\/"},{"@type":"ListItem","position":2,"name":"Inscription"}]},{"@type":"WebSite","@id":"https:\/\/leicaminaireseillanais.com\/#website","url":"https:\/\/leicaminaireseillanais.com\/","name":"Lei Camina\u00efre Seillanais","description":"Organise et encadre des randonn\u00e9es p\u00e9destres.","publisher":{"@id":"https:\/\/leicaminaireseillanais.com\/#organization"},"potentialAction":[{"@type":"SearchAction","target":{"@type":"EntryPoint","urlTemplate":"https:\/\/leicaminaireseillanais.com\/?s={search_term_string}"},"query-input":{"@type":"PropertyValueSpecification","valueRequired":true,"valueName":"search_term_string"}}],"inLanguage":"fr-FR"},{"@type":"Organization","@id":"https:\/\/leicaminaireseillanais.com\/#organization","name":"Lei Camina\u00efre Seillanais","url":"https:\/\/leicaminaireseillanais.com\/","logo":{"@type":"ImageObject","inLanguage":"fr-FR","@id":"https:\/\/leicaminaireseillanais.com\/#\/schema\/logo\/image\/","url":"https:\/\/leicaminaireseillanais.com\/wp-content\/uploads\/2025\/12\/cropped-LEI-CAMINAIRE-SEILLANAIS-LOGO-icone.png","contentUrl":"https:\/\/leicaminaireseillanais.com\/wp-content\/uploads\/2025\/12\/cropped-LEI-CAMINAIRE-SEILLANAIS-LOGO-icone.png","width":150,"height":148,"caption":"Lei Camina\u00efre Seillanais"},"image":{"@id":"https:\/\/leicaminaireseillanais.com\/#\/schema\/logo\/image\/"}}]}},"_links":{"self":[{"href":"https:\/\/leicaminaireseillanais.com\/index.php\/wp-json\/wp\/v2\/pages\/22","targetHints":{"allow":["GET"]}}],"collection":[{"href":"https:\/\/leicaminaireseillanais.com\/index.php\/wp-json\/wp\/v2\/pages"}],"about":[{"href":"https:\/\/leicaminaireseillanais.com\/index.php\/wp-json\/wp\/v2\/types\/page"}],"author":[{"embeddable":true,"href":"https:\/\/leicaminaireseillanais.com\/index.php\/wp-json\/wp\/v2\/users\/1"}],"replies":[{"embeddable":true,"href":"https:\/\/leicaminaireseillanais.com\/index.php\/wp-json\/wp\/v2\/comments?post=22"}],"version-history":[{"count":23,"href":"https:\/\/leicaminaireseillanais.com\/index.php\/wp-json\/wp\/v2\/pages\/22\/revisions"}],"predecessor-version":[{"id":530,"href":"https:\/\/leicaminaireseillanais.com\/index.php\/wp-json\/wp\/v2\/pages\/22\/revisions\/530"}],"wp:attachment":[{"href":"https:\/\/leicaminaireseillanais.com\/index.php\/wp-json\/wp\/v2\/media?parent=22"}],"curies":[{"name":"wp","href":"https:\/\/api.w.org\/{rel}","templated":true}]}}