{"id":20,"date":"2024-05-15T17:52:27","date_gmt":"2024-05-15T15:52:27","guid":{"rendered":"https:\/\/leicaminaireseillanais.com\/?page_id=20"},"modified":"2024-07-25T17:32:20","modified_gmt":"2024-07-25T15:32:20","slug":"recommendations","status":"publish","type":"page","link":"https:\/\/leicaminaireseillanais.com\/index.php\/recommendations\/","title":{"rendered":"Recommandations"},"content":{"rendered":"","protected":false},"excerpt":{"rendered":"","protected":false},"author":1,"featured_media":0,"parent":0,"menu_order":0,"comment_status":"closed","ping_status":"closed","template":"","meta":{"footnotes":""},"class_list":["post-20","page","type-page","status-publish","hentry"],"yoast_head":"<!-- This site is optimized with the Yoast SEO plugin v26.7 - https:\/\/yoast.com\/wordpress\/plugins\/seo\/ -->\n<title>Recommandations - Lei Camina\u00efre Seillanais<\/title>\n<meta name=\"robots\" content=\"index, follow, max-snippet:-1, max-image-preview:large, max-video-preview:-1\" \/>\n<link rel=\"canonical\" href=\"https:\/\/leicaminaireseillanais.com\/index.php\/recommendations\/\" \/>\n<meta property=\"og:locale\" content=\"fr_FR\" \/>\n<meta property=\"og:type\" content=\"article\" \/>\n<meta property=\"og:title\" content=\"Recommandations - Lei Camina\u00efre Seillanais\" \/>\n<meta property=\"og:url\" content=\"https:\/\/leicaminaireseillanais.com\/index.php\/recommendations\/\" \/>\n<meta property=\"og:site_name\" content=\"Lei Camina\u00efre Seillanais\" \/>\n<meta property=\"article:modified_time\" content=\"2024-07-25T15:32:20+00:00\" \/>\n<meta name=\"twitter:card\" content=\"summary_large_image\" \/>\n<script type=\"application\/ld+json\" class=\"yoast-schema-graph\">{\"@context\":\"https:\/\/schema.org\",\"@graph\":[{\"@type\":\"WebPage\",\"@id\":\"https:\/\/leicaminaireseillanais.com\/index.php\/recommendations\/\",\"url\":\"https:\/\/leicaminaireseillanais.com\/index.php\/recommendations\/\",\"name\":\"Recommandations - Lei Camina\u00efre Seillanais\",\"isPartOf\":{\"@id\":\"https:\/\/leicaminaireseillanais.com\/#website\"},\"datePublished\":\"2024-05-15T15:52:27+00:00\",\"dateModified\":\"2024-07-25T15:32:20+00:00\",\"breadcrumb\":{\"@id\":\"https:\/\/leicaminaireseillanais.com\/index.php\/recommendations\/#breadcrumb\"},\"inLanguage\":\"fr-FR\",\"potentialAction\":[{\"@type\":\"ReadAction\",\"target\":[\"https:\/\/leicaminaireseillanais.com\/index.php\/recommendations\/\"]}]},{\"@type\":\"BreadcrumbList\",\"@id\":\"https:\/\/leicaminaireseillanais.com\/index.php\/recommendations\/#breadcrumb\",\"itemListElement\":[{\"@type\":\"ListItem\",\"position\":1,\"name\":\"Accueil\",\"item\":\"https:\/\/leicaminaireseillanais.com\/\"},{\"@type\":\"ListItem\",\"position\":2,\"name\":\"Recommandations\"}]},{\"@type\":\"WebSite\",\"@id\":\"https:\/\/leicaminaireseillanais.com\/#website\",\"url\":\"https:\/\/leicaminaireseillanais.com\/\",\"name\":\"Lei Camina\u00efre Seillanais\",\"description\":\"Organise et encadre des randonn\u00e9es p\u00e9destres.\",\"publisher\":{\"@id\":\"https:\/\/leicaminaireseillanais.com\/#organization\"},\"potentialAction\":[{\"@type\":\"SearchAction\",\"target\":{\"@type\":\"EntryPoint\",\"urlTemplate\":\"https:\/\/leicaminaireseillanais.com\/?s={search_term_string}\"},\"query-input\":{\"@type\":\"PropertyValueSpecification\",\"valueRequired\":true,\"valueName\":\"search_term_string\"}}],\"inLanguage\":\"fr-FR\"},{\"@type\":\"Organization\",\"@id\":\"https:\/\/leicaminaireseillanais.com\/#organization\",\"name\":\"Lei Camina\u00efre Seillanais\",\"url\":\"https:\/\/leicaminaireseillanais.com\/\",\"logo\":{\"@type\":\"ImageObject\",\"inLanguage\":\"fr-FR\",\"@id\":\"https:\/\/leicaminaireseillanais.com\/#\/schema\/logo\/image\/\",\"url\":\"https:\/\/leicaminaireseillanais.com\/wp-content\/uploads\/2025\/12\/cropped-LEI-CAMINAIRE-SEILLANAIS-LOGO-icone.png\",\"contentUrl\":\"https:\/\/leicaminaireseillanais.com\/wp-content\/uploads\/2025\/12\/cropped-LEI-CAMINAIRE-SEILLANAIS-LOGO-icone.png\",\"width\":150,\"height\":148,\"caption\":\"Lei Camina\u00efre Seillanais\"},\"image\":{\"@id\":\"https:\/\/leicaminaireseillanais.com\/#\/schema\/logo\/image\/\"}}]}<\/script>\n<!-- \/ Yoast SEO plugin. -->","yoast_head_json":{"title":"Recommandations - Lei Camina\u00efre Seillanais","robots":{"index":"index","follow":"follow","max-snippet":"max-snippet:-1","max-image-preview":"max-image-preview:large","max-video-preview":"max-video-preview:-1"},"canonical":"https:\/\/leicaminaireseillanais.com\/index.php\/recommendations\/","og_locale":"fr_FR","og_type":"article","og_title":"Recommandations - Lei Camina\u00efre Seillanais","og_url":"https:\/\/leicaminaireseillanais.com\/index.php\/recommendations\/","og_site_name":"Lei Camina\u00efre Seillanais","article_modified_time":"2024-07-25T15:32:20+00:00","twitter_card":"summary_large_image","schema":{"@context":"https:\/\/schema.org","@graph":[{"@type":"WebPage","@id":"https:\/\/leicaminaireseillanais.com\/index.php\/recommendations\/","url":"https:\/\/leicaminaireseillanais.com\/index.php\/recommendations\/","name":"Recommandations - Lei Camina\u00efre Seillanais","isPartOf":{"@id":"https:\/\/leicaminaireseillanais.com\/#website"},"datePublished":"2024-05-15T15:52:27+00:00","dateModified":"2024-07-25T15:32:20+00:00","breadcrumb":{"@id":"https:\/\/leicaminaireseillanais.com\/index.php\/recommendations\/#breadcrumb"},"inLanguage":"fr-FR","potentialAction":[{"@type":"ReadAction","target":["https:\/\/leicaminaireseillanais.com\/index.php\/recommendations\/"]}]},{"@type":"BreadcrumbList","@id":"https:\/\/leicaminaireseillanais.com\/index.php\/recommendations\/#breadcrumb","itemListElement":[{"@type":"ListItem","position":1,"name":"Accueil","item":"https:\/\/leicaminaireseillanais.com\/"},{"@type":"ListItem","position":2,"name":"Recommandations"}]},{"@type":"WebSite","@id":"https:\/\/leicaminaireseillanais.com\/#website","url":"https:\/\/leicaminaireseillanais.com\/","name":"Lei Camina\u00efre Seillanais","description":"Organise et encadre des randonn\u00e9es p\u00e9destres.","publisher":{"@id":"https:\/\/leicaminaireseillanais.com\/#organization"},"potentialAction":[{"@type":"SearchAction","target":{"@type":"EntryPoint","urlTemplate":"https:\/\/leicaminaireseillanais.com\/?s={search_term_string}"},"query-input":{"@type":"PropertyValueSpecification","valueRequired":true,"valueName":"search_term_string"}}],"inLanguage":"fr-FR"},{"@type":"Organization","@id":"https:\/\/leicaminaireseillanais.com\/#organization","name":"Lei Camina\u00efre Seillanais","url":"https:\/\/leicaminaireseillanais.com\/","logo":{"@type":"ImageObject","inLanguage":"fr-FR","@id":"https:\/\/leicaminaireseillanais.com\/#\/schema\/logo\/image\/","url":"https:\/\/leicaminaireseillanais.com\/wp-content\/uploads\/2025\/12\/cropped-LEI-CAMINAIRE-SEILLANAIS-LOGO-icone.png","contentUrl":"https:\/\/leicaminaireseillanais.com\/wp-content\/uploads\/2025\/12\/cropped-LEI-CAMINAIRE-SEILLANAIS-LOGO-icone.png","width":150,"height":148,"caption":"Lei Camina\u00efre Seillanais"},"image":{"@id":"https:\/\/leicaminaireseillanais.com\/#\/schema\/logo\/image\/"}}]}},"_links":{"self":[{"href":"https:\/\/leicaminaireseillanais.com\/index.php\/wp-json\/wp\/v2\/pages\/20","targetHints":{"allow":["GET"]}}],"collection":[{"href":"https:\/\/leicaminaireseillanais.com\/index.php\/wp-json\/wp\/v2\/pages"}],"about":[{"href":"https:\/\/leicaminaireseillanais.com\/index.php\/wp-json\/wp\/v2\/types\/page"}],"author":[{"embeddable":true,"href":"https:\/\/leicaminaireseillanais.com\/index.php\/wp-json\/wp\/v2\/users\/1"}],"replies":[{"embeddable":true,"href":"https:\/\/leicaminaireseillanais.com\/index.php\/wp-json\/wp\/v2\/comments?post=20"}],"version-history":[{"count":2,"href":"https:\/\/leicaminaireseillanais.com\/index.php\/wp-json\/wp\/v2\/pages\/20\/revisions"}],"predecessor-version":[{"id":70,"href":"https:\/\/leicaminaireseillanais.com\/index.php\/wp-json\/wp\/v2\/pages\/20\/revisions\/70"}],"wp:attachment":[{"href":"https:\/\/leicaminaireseillanais.com\/index.php\/wp-json\/wp\/v2\/media?parent=20"}],"curies":[{"name":"wp","href":"https:\/\/api.w.org\/{rel}","templated":true}]}}