{"id":18,"date":"2024-05-15T17:52:06","date_gmt":"2024-05-15T15:52:06","guid":{"rendered":"https:\/\/leicaminaireseillanais.com\/?page_id=18"},"modified":"2024-07-30T14:42:27","modified_gmt":"2024-07-30T12:42:27","slug":"reglement-interieur","status":"publish","type":"page","link":"https:\/\/leicaminaireseillanais.com\/index.php\/reglement-interieur\/","title":{"rendered":"R\u00e8glement Int\u00e9rieur"},"content":{"rendered":"\n<p><em>Ce REGLEMENT INT\u00c9RIEUR a pour objet de fixer un certain nombre de r\u00e8gles, attributions et obligations de chaque participant au sein de LEI CAMINAIRE SEILLANAIS<\/em><em>.<\/em><\/p>\n\n\n\n<p><em>Article 1 : <\/em><strong><em>Adh\u00e9rent<\/em><\/strong><em>. Seules sont &lsquo;membres&rsquo; les personnes physiques ayant acquitt\u00e9 un droit d&rsquo;entr\u00e9e fix\u00e9 tous les ans par le Conseil d&rsquo;Administration. <\/em><em>Les Membres d\u2019honneur sont <\/em><em>exempt\u00e9s.<\/em><\/p>\n\n\n\n<p><em>Article 2 : <\/em><strong><em>Conseil d&rsquo;Administration<\/em><\/strong><em>. Pouvoirs. Il vise \u00e0 pourvoir au bon fonctionnement de l&rsquo;Association et d\u00e9cide des orientations. Le Conseil \u00e9lit un bureau qui ent\u00e9rine les d\u00e9cisions prises, pr\u00e9pare le budget, g\u00e8re les fonds et biens. Il comptera au maximum 15 membres.<\/em><\/p>\n\n\n\n<p><em>Article 3 : <\/em><strong><em>Pr\u00e9sident<\/em><\/strong><em>. Elu par le Conseil d&rsquo;Administration, il repr\u00e9sente de plein droit l<\/em><em>\u2019<\/em><em>Association, coordonne l&rsquo;ensemble, convoque et pr\u00e9side le Conseil, les Assembl\u00e9es G\u00e9n\u00e9rales. Les d\u00e9cisions d&rsquo;organisation doivent \u00eatre soumises et approuv\u00e9es par le Conseil d&rsquo;Administration, voire par l&rsquo;Assembl\u00e9e G\u00e9n\u00e9rale. Le Vice-pr\u00e9sident, en cas de vacances, <\/em><em>assure l\u2019int\u00e9<\/em><em>rim.<\/em><\/p>\n\n\n\n<p><em>Article 5 : <\/em><strong><em>Secr\u00e9taire<\/em><\/strong><em>. Il assure la gestion administrative des adh\u00e9sions et manifestations. Il est charg\u00e9 de la tenue des divers registres : d\u00e9lib\u00e9rations des Conseils d&rsquo;Administration et Assembl\u00e9es G\u00e9n\u00e9rales, r\u00e9dige et envoie les proc\u00e8s-verbaux, tient la correspondance et les archives.<\/em><\/p>\n\n\n\n<p><em>Article 6 : <\/em><strong><em>Tr\u00e9sorier<\/em><\/strong><em>. Il est charg\u00e9 de la gestion financi\u00e8re de l&rsquo;Association. Il \u00e9tablit les licences, re\u00e7oit les sommes dues, effectue les paiements, comptabilise toutes les op\u00e9rations effectu\u00e9es, dresse le compte exploitation et bilan, \u00e9labore le projet de budget de l&rsquo;ann\u00e9e suivante, r\u00e9dige le rapport annuel soumis \u00e0 l&rsquo;Assembl\u00e9e g\u00e9n\u00e9rale.<\/em><\/p>\n\n\n\n<p><em>Article 7 : <\/em><strong><em>Commission <\/em><\/strong><em>&lsquo;S\u00e9jours-Animations&rsquo;. Charg\u00e9e des recherches des manifestations diverses : voyages, repas annuel, retrouvailles &#8230; suivant les directives et l&rsquo;approbation du Conseil, la commission met en place les moyens ad\u00e9quats \u00e0 la r\u00e9alisation du projet retenu.<\/em><\/p>\n\n\n\n<p><em>Article 8 : <\/em><strong><em>Commission \u2018<\/em><\/strong><em>Randonn\u00e9es<\/em><strong><em>\u2019. <\/em><\/strong><em>Charg\u00e9e des recherches et mises en place des circuits p\u00e9destres avec diffusion aux Adh\u00e9rents du programme retenu, compte-tenu des crit\u00e8res <\/em><em>d\u00e9finis \u00e0 l\u2019article <\/em><em>2, elle devra veiller \u00e0 ce que les randonn\u00e9es soient accessibles aux diff\u00e9rents niveaux \u00e9voqu\u00e9s en fonction des jours d\u00e9finis pr\u00e9alablement.<\/em><\/p>\n\n\n\n<p><em>Article 9 : <\/em><strong><em>Animateur<\/em><\/strong><em>. L&rsquo;Animateur p\u00e9destre doit \u00eatre capable d&rsquo;organiser, conduire, et encadrer un groupe de randonneurs dans les meilleures conditions de s\u00e9curit\u00e9 sur tout le cheminement balis\u00e9 ou non, sans <\/em><em>choix d\u00e9lib\u00e9r\u00e9 d\u2019itin\u00e9raire n\u00e9cessitant des <\/em><em>techniques de progression li\u00e9es \u00e0 l&rsquo;alpinisme. Il assure la coh\u00e9sion de l&rsquo;ensemble par son esprit de solidarit\u00e9, prend en compte, dans la mesure du possible, les souhaits des participants, tient compte des conditions m\u00e9t\u00e9orologiques, ma\u00eetrise l&rsquo;itin\u00e9raire, contient le groupe, surveille et analyse les risques objectifs pour garantir la meilleure s\u00e9curit\u00e9 pour tous. Tout en prenant en compte la comp\u00e9tence et l&rsquo;avis de chacun, <\/em><em>l\u2019A<\/em><em>nimateur est &lsquo;responsable&rsquo; de son groupe et la d\u00e9cision finale lui appartient. Il est le seul \u00e0 d\u00e9cider de l&rsquo;itin\u00e9raire et \u00e0 le modifier, si le cas se pr\u00e9sente, dans un souci de s\u00e9curit\u00e9 ou de confort. Il <\/em><em>devra nommer un \u2018S<\/em><em>erre-<\/em><em>file\u2019 charg\u00e9 de r\u00e9guler le flux de la marche propos\u00e9e.<\/em><\/p>\n\n\n\n<p><em>L\u2019Animateur principal peut, \u00e9ventuellement proc\u00e9der \u00e0 la scission du grou<\/em><em>pe dans la mesure o\u00f9 le nombre de marcheurs pr\u00e9sents est, soit trop important, soit non adapt\u00e9 \u00e0 la randonn\u00e9e propos\u00e9e. Il devra, dans ce cas, nommer un nouvel Animateur et Serre-file suppl\u00e9ants sous sa propre responsabilit\u00e9. <\/em><em>Il devra en cas d\u2019incident ou <\/em><em>modification de programme informer <\/em><em>l\u2019association par mail ou par t\u00e9l\u00e9phone et r\u00e9diger la fiche randonn\u00e9e. Le port du gilet jaune est fortement conseill\u00e9 \u00e0 l\u2019animateur et au Serre<\/em><em>-file.<\/em><\/p>\n\n\n\n<p><em>Article 10 : <\/em><strong><em>Randonneur<\/em><\/strong><strong>. <\/strong><em>Par nos statuts, le club est affili\u00e9 \u00e0 la FFRP. Chaque marcheur <\/em><em>doit \u00eatre en possession de sa licence f\u00e9d\u00e9rale, il y va de l\u2019assurance groupe de l\u2019association. Le randonneur \u00e0 l\u2019essai (c\u2019est \u00e0 dire qui vient d\u00e9couvrir l\u2019association dans le but d\u2019y adh\u00e9rer <\/em><em>et de se licencier) et inopin\u00e9 (accompagnate<\/em><em>ur impr\u00e9vu d\u2019un licenci\u00e9, touriste) peuvent \u00eatre <\/em><em>accueillis 2 \u00e0 3 fois par le club. Pour toute nouvelle adh\u00e9sion<\/em>, <strong><em>un certificat m\u00e9dical, attestant de la non contre-indication, absolue ou relative, \u00e0 la pratique de la marche dont la date ne doit pas exc\u00e9der 6 mois avant la prise de licence, doit \u00eatre fourni. <\/em><\/strong><em>Lors d\u2019un <\/em><em>renouvellement il faut simplement attester, selon les modalit\u00e9s pr\u00e9vues <\/em><em>par la <\/em><em>f\u00e9d\u00e9ration avoir r\u00e9pondu NON \u00e0 toutes les questions du \u00ab QS-SPORT \u00bb.<\/em><\/p>\n\n\n\n<p><em>Il est rappel\u00e9 que toute initiative personne<\/em><em>lle d\u2019organisation de sortie p\u00e9destre, hors <\/em><em>inscription sur le programme officiel du Club<\/em>, <em>est de la responsabilit\u00e9 <\/em><em>de l\u2019Initiateur. <\/em><em>Cependant, la f\u00e9d\u00e9ra<\/em><em>tion, par la licence, assure l\u2019I<\/em><em>nitiateur \u00e0 titre individuel, mais attention \u00e0 la responsabilit\u00e9 du groupe. Concernant les sorties programm\u00e9es du Club, le <\/em><em>Randonneur doit s\u2019informer de l\u2019itin\u00e9raire et des particularit\u00e9s de la marche entreprise, <\/em><em>\u00e9valuer sa condition physique et, en fonction du programme propos\u00e9, sa capacit\u00e9 \u00e0 suivre, <\/em><em>s\u2019\u00e9quiper de mat\u00e9riel d<\/em><em>e progression (chaussures de randonn\u00e9es obligatoires, sac \u00e0 dos, <\/em><em>v\u00eatements adapt\u00e9s aux conditions de la m\u00e9t\u00e9o, mat\u00e9riel et fournitures pour se restaurer&#8230;, <\/em><em>produits pharmaceutiques personnels avec ordonnance, fiche \u00e0 emporter sur soi).<\/em><\/p>\n\n\n\n<p><em>Le Randonneur p\u00e9destre est sous la responsabilit\u00e9 de l&rsquo;Animateur, et doit suivre les consignes donn\u00e9es. S&rsquo;il veut prendre un chemin diff\u00e9rent, ce Randonneur quitte le groupe <\/em><em>sous sa propre responsabilit\u00e9, apr\u00e8s en avoir inform\u00e9 l\u2019Animateur. Celui<\/em><em>-ci aura soin de lui signifier, devant t\u00e9moins, que sa responsabilit\u00e9 est d\u00e9gag\u00e9e et qu&rsquo;il quitte le groupe \u00e0 ses risques et p\u00e9rils. La responsabilit\u00e9 de l&rsquo;Association n&rsquo;est plus engag\u00e9e.<\/em><\/p>\n\n\n\n<p><em>Article 11 : <\/em><strong><em>Forces et Niveaux.<br><\/em><\/strong><strong>1- COTATION <\/strong><em>: Il est difficile d\u2019\u00e9valuer la difficult\u00e9 d\u2019une ran<\/em><em>donn\u00e9e. Elle est souvent fonction <\/em><em>de l\u2019exp\u00e9rience et de la forme physique des personnes qui l\u2019entreprennent. Elle d\u00e9pend \u00e9galement du type de terrain, des passages a\u00e9riens ou acrobatiques que l\u2019on peut rencontrer. <\/em><em>Pour les randonn\u00e9es p\u00e9destres, la difficult\u00e9 est \u00e9valu\u00e9e selon deux crit\u00e8res : le crit\u00e8re physique<\/em><em>: d\u00e9nivel\u00e9, longueur&#8230; et le crit\u00e8re technique<\/em><em>: passages d\u00e9licats, \u00e9quipement <\/em><em>d\u2019aide&#8230;Des pr\u00e9cisions sont parfois donn\u00e9es pour affiner ou expliquer ces \u00e9valuations (passage avec cha\u00eene, pierrier&#8230;)<\/em><\/p>\n\n\n\n<p><strong>2- C<\/strong><strong>RITERES DE TECHNICITE<\/strong><\/p>\n\n\n\n<p><em>Sentier d\u00e9gag\u00e9 sur la plupart du circuit avec quelques difficult\u00e9s du sol en certains endroits (rochers broussailles, pierrier.) courts passages raides. en mont\u00e9e et \/ou en descente<br>Sentier pas toujours d\u00e9gag\u00e9, parfois non marqu\u00e9. Passage dans les rochers ou \u00e9boulis instables Passage technique ou a\u00e9rien (une \u00e9chelle, un passage avec c\u00e2ble).<\/em><\/p>\n\n\n\n<p>&#8211; <em>Les \u00e9toiles r\u00e9pondent \u00e0 une difficult\u00e9 suppl\u00e9mentaire-<\/em><\/p>\n\n\n\n<p><strong>3- C<\/strong><strong>RITERES PHYSIQUES<\/strong><strong>&#8211; N<\/strong><strong>IVEAUX OU FORCES<\/strong><strong>.<\/strong><\/p>\n\n\n\n<p><em>Le choix du niveau reste sous l\u2019ent<\/em><em>i\u00e8re responsabilit\u00e9 du randonneur.<br><\/em>a): <em>Niveau ou force 1. Accessible \u00e0 tous, compte-tenu des crit\u00e8res \u00e9nonc\u00e9s ci-dessus. Cheminement essentiellement sur sentier ou chemin clairement d\u00e9fini sans difficult\u00e9s majeures. D\u00e9nivel\u00e9 de 400 m\u00e8tres maximum. Distance 1\u20442 journ\u00e9e : 8\/10 km, journ\u00e9e 12\/15 km. Allure mod\u00e9r\u00e9e.<br>b) : Niveau ou force 2. Accessibles aux bons marcheurs. Cheminement sur sentier, chemin ou piste plus accident\u00e9 (passages d\u00e9licats, rochers, broussailles, <\/em><em>pierrier&#8230;<\/em><em>). D\u00e9nivel\u00e9 maximum<br>de 600 m\u00e8tres avec une distance pour la 1\u20442 journ\u00e9e de 8\/10 km ou la journ\u00e9e de 13\/17 km. Allure normale.<br>c) : Niveau ou force 3. Accessibles aux marcheurs confirm\u00e9s. Cheminement sur sentiers, chemins, ou pistes accident\u00e9s balis\u00e9s ou non marqu\u00e9s avec des passages tr\u00e8s d\u00e9licats, pentus ou raides, caillouteux, demandant une condition physique certaine. D\u00e9nivel\u00e9 au del\u00e0 de 600 m\u00e8tres avec une distance pour la journ\u00e9e de 15 \/20km. Allure soutenue.<\/em><\/p>\n\n\n\n<p><em>Article 12 : <\/em><strong><em>Rendez-vous<\/em><\/strong><em>. Tous les rendez-vous pour les sorties p\u00e9destres se font au parking du Moulin \u00e0 huile \u00e0 Seillans (sous la Magnanerie ou la salle polyvalente) avec possibilit\u00e9 de <\/em><em>point de passage en accord avec l\u2019animateur de la randonn\u00e9e<\/em><em>.<\/em><\/p>\n\n\n\n<p><em>Article 13 : <\/em><strong><em>Covoiturage<\/em><\/strong><em>. Le covoiturage est conseill\u00e9 ; le conducteur demande une participation financi\u00e8re \u00e0 ses passagers, fix\u00e9e par le club, pour compenser ses frais.<\/em><\/p>\n\n\n\n<p><em>Article 14 : <\/em><strong><em>Chiens. <\/em><\/strong><em>Dans nos randonn\u00e9es les chiens sont interdits par mesure de s\u00e9curit\u00e9. Dans les parcs nationaux, les chiens sont \u00e9galement interdits.<\/em><\/p>\n\n\n\n<p><em>Article 15 : <\/em><strong><em>Environnement<\/em><\/strong><em>. <\/em><em>Respect d\u2019autrui<\/em><em>, <\/em><em>de la Nature&#8230; La politesse est notre r\u00e8gle de <\/em><em>conduite vis-\u00e0-vis des personnes rencontr\u00e9es aux cours des randonn\u00e9es : chasseurs, \u00e9leveurs, <\/em><em>particuliers&#8230;.<br><\/em><em>Certaines plantes sont prot\u00e9g\u00e9es par arr\u00eat\u00e9 minist\u00e9riel. Leur cueillette est rigoureusement interdite. Les gardes forestiers sont habilit\u00e9s \u00e0 verbaliser. La cueillette des autres plantes est tol\u00e9r\u00e9e \u00e0 condition de ne pas en faire des bouquets qui seront fan\u00e9s en fin de journ\u00e9e.<\/em><\/p>\n\n\n\n<p><em>Article 16 : <\/em><strong><em>Horaires<\/em><\/strong><em>. Les horaires de retour peuvent varier sensiblement en fonction des <\/em><em>difficult\u00e9s rencontr\u00e9es sur le terrain, de l\u2019allure de marche, du temps, etc&#8230;. Il est donc <\/em><em>imp\u00e9ratif de prendre un certain nombre de pr\u00e9cautions pour les rendez-vous ext\u00e9rieurs ou autres.<\/em><\/p>\n\n\n\n<p><em>Article 17 : <\/em><strong><em>Informations des Adh\u00e9rents. <\/em><\/strong><em>Ce pr\u00e9sent r\u00e8glement et toutes les modifications <\/em><em>ult\u00e9rieures vot\u00e9es par le Conseil d\u2019Administration seront <\/em><em>diffus\u00e9s \u00e0 tous les Adh\u00e9rents et affich\u00e9s dans le local du Si\u00e8ge.<\/em><\/p>\n\n\n\n<p>D\u00e9cision du Conseil d\u2019Administration du 28 octobre 2023<br><\/p>\n","protected":false},"excerpt":{"rendered":"<p>Ce REGLEMENT INT\u00c9RIEUR a pour objet de fixer un certain nombre de r\u00e8gles, attributions et obligations de chaque participant au sein de LEI CAMINAIRE SEILLANAIS. Article 1 : Adh\u00e9rent. Seules sont &lsquo;membres&rsquo; les personnes physiques ayant acquitt\u00e9 un droit d&rsquo;entr\u00e9e fix\u00e9 tous les ans par le Conseil d&rsquo;Administration. Les Membres [&hellip;]<\/p>\n","protected":false},"author":1,"featured_media":0,"parent":0,"menu_order":0,"comment_status":"closed","ping_status":"closed","template":"","meta":{"footnotes":""},"class_list":["post-18","page","type-page","status-publish","hentry"],"yoast_head":"<!-- This site is optimized with the Yoast SEO plugin v26.7 - https:\/\/yoast.com\/wordpress\/plugins\/seo\/ -->\n<title>R\u00e8glement Int\u00e9rieur - Lei Camina\u00efre Seillanais<\/title>\n<meta name=\"robots\" content=\"index, follow, max-snippet:-1, max-image-preview:large, max-video-preview:-1\" \/>\n<link rel=\"canonical\" href=\"https:\/\/leicaminaireseillanais.com\/index.php\/reglement-interieur\/\" \/>\n<meta property=\"og:locale\" content=\"fr_FR\" \/>\n<meta property=\"og:type\" content=\"article\" \/>\n<meta property=\"og:title\" content=\"R\u00e8glement Int\u00e9rieur - Lei Camina\u00efre Seillanais\" \/>\n<meta property=\"og:description\" content=\"Ce REGLEMENT INT\u00c9RIEUR a pour objet de fixer un certain nombre de r\u00e8gles, attributions et obligations de chaque participant au sein de LEI CAMINAIRE SEILLANAIS. Article 1 : Adh\u00e9rent. Seules sont &lsquo;membres&rsquo; les personnes physiques ayant acquitt\u00e9 un droit d&rsquo;entr\u00e9e fix\u00e9 tous les ans par le Conseil d&rsquo;Administration. Les Membres [&hellip;]\" \/>\n<meta property=\"og:url\" content=\"https:\/\/leicaminaireseillanais.com\/index.php\/reglement-interieur\/\" \/>\n<meta property=\"og:site_name\" content=\"Lei Camina\u00efre Seillanais\" \/>\n<meta property=\"article:modified_time\" content=\"2024-07-30T12:42:27+00:00\" \/>\n<meta name=\"twitter:card\" content=\"summary_large_image\" \/>\n<meta name=\"twitter:label1\" content=\"Dur\u00e9e de lecture estim\u00e9e\" \/>\n\t<meta name=\"twitter:data1\" content=\"8 minutes\" \/>\n<script type=\"application\/ld+json\" class=\"yoast-schema-graph\">{\"@context\":\"https:\/\/schema.org\",\"@graph\":[{\"@type\":\"WebPage\",\"@id\":\"https:\/\/leicaminaireseillanais.com\/index.php\/reglement-interieur\/\",\"url\":\"https:\/\/leicaminaireseillanais.com\/index.php\/reglement-interieur\/\",\"name\":\"R\u00e8glement Int\u00e9rieur - Lei Camina\u00efre Seillanais\",\"isPartOf\":{\"@id\":\"https:\/\/leicaminaireseillanais.com\/#website\"},\"datePublished\":\"2024-05-15T15:52:06+00:00\",\"dateModified\":\"2024-07-30T12:42:27+00:00\",\"breadcrumb\":{\"@id\":\"https:\/\/leicaminaireseillanais.com\/index.php\/reglement-interieur\/#breadcrumb\"},\"inLanguage\":\"fr-FR\",\"potentialAction\":[{\"@type\":\"ReadAction\",\"target\":[\"https:\/\/leicaminaireseillanais.com\/index.php\/reglement-interieur\/\"]}]},{\"@type\":\"BreadcrumbList\",\"@id\":\"https:\/\/leicaminaireseillanais.com\/index.php\/reglement-interieur\/#breadcrumb\",\"itemListElement\":[{\"@type\":\"ListItem\",\"position\":1,\"name\":\"Accueil\",\"item\":\"https:\/\/leicaminaireseillanais.com\/\"},{\"@type\":\"ListItem\",\"position\":2,\"name\":\"R\u00e8glement Int\u00e9rieur\"}]},{\"@type\":\"WebSite\",\"@id\":\"https:\/\/leicaminaireseillanais.com\/#website\",\"url\":\"https:\/\/leicaminaireseillanais.com\/\",\"name\":\"Lei Camina\u00efre Seillanais\",\"description\":\"Organise et encadre des randonn\u00e9es p\u00e9destres.\",\"publisher\":{\"@id\":\"https:\/\/leicaminaireseillanais.com\/#organization\"},\"potentialAction\":[{\"@type\":\"SearchAction\",\"target\":{\"@type\":\"EntryPoint\",\"urlTemplate\":\"https:\/\/leicaminaireseillanais.com\/?s={search_term_string}\"},\"query-input\":{\"@type\":\"PropertyValueSpecification\",\"valueRequired\":true,\"valueName\":\"search_term_string\"}}],\"inLanguage\":\"fr-FR\"},{\"@type\":\"Organization\",\"@id\":\"https:\/\/leicaminaireseillanais.com\/#organization\",\"name\":\"Lei Camina\u00efre Seillanais\",\"url\":\"https:\/\/leicaminaireseillanais.com\/\",\"logo\":{\"@type\":\"ImageObject\",\"inLanguage\":\"fr-FR\",\"@id\":\"https:\/\/leicaminaireseillanais.com\/#\/schema\/logo\/image\/\",\"url\":\"https:\/\/leicaminaireseillanais.com\/wp-content\/uploads\/2025\/12\/cropped-LEI-CAMINAIRE-SEILLANAIS-LOGO-icone.png\",\"contentUrl\":\"https:\/\/leicaminaireseillanais.com\/wp-content\/uploads\/2025\/12\/cropped-LEI-CAMINAIRE-SEILLANAIS-LOGO-icone.png\",\"width\":150,\"height\":148,\"caption\":\"Lei Camina\u00efre Seillanais\"},\"image\":{\"@id\":\"https:\/\/leicaminaireseillanais.com\/#\/schema\/logo\/image\/\"}}]}<\/script>\n<!-- \/ Yoast SEO plugin. -->","yoast_head_json":{"title":"R\u00e8glement Int\u00e9rieur - Lei Camina\u00efre Seillanais","robots":{"index":"index","follow":"follow","max-snippet":"max-snippet:-1","max-image-preview":"max-image-preview:large","max-video-preview":"max-video-preview:-1"},"canonical":"https:\/\/leicaminaireseillanais.com\/index.php\/reglement-interieur\/","og_locale":"fr_FR","og_type":"article","og_title":"R\u00e8glement Int\u00e9rieur - Lei Camina\u00efre Seillanais","og_description":"Ce REGLEMENT INT\u00c9RIEUR a pour objet de fixer un certain nombre de r\u00e8gles, attributions et obligations de chaque participant au sein de LEI CAMINAIRE SEILLANAIS. Article 1 : Adh\u00e9rent. Seules sont &lsquo;membres&rsquo; les personnes physiques ayant acquitt\u00e9 un droit d&rsquo;entr\u00e9e fix\u00e9 tous les ans par le Conseil d&rsquo;Administration. Les Membres [&hellip;]","og_url":"https:\/\/leicaminaireseillanais.com\/index.php\/reglement-interieur\/","og_site_name":"Lei Camina\u00efre Seillanais","article_modified_time":"2024-07-30T12:42:27+00:00","twitter_card":"summary_large_image","twitter_misc":{"Dur\u00e9e de lecture estim\u00e9e":"8 minutes"},"schema":{"@context":"https:\/\/schema.org","@graph":[{"@type":"WebPage","@id":"https:\/\/leicaminaireseillanais.com\/index.php\/reglement-interieur\/","url":"https:\/\/leicaminaireseillanais.com\/index.php\/reglement-interieur\/","name":"R\u00e8glement Int\u00e9rieur - Lei Camina\u00efre Seillanais","isPartOf":{"@id":"https:\/\/leicaminaireseillanais.com\/#website"},"datePublished":"2024-05-15T15:52:06+00:00","dateModified":"2024-07-30T12:42:27+00:00","breadcrumb":{"@id":"https:\/\/leicaminaireseillanais.com\/index.php\/reglement-interieur\/#breadcrumb"},"inLanguage":"fr-FR","potentialAction":[{"@type":"ReadAction","target":["https:\/\/leicaminaireseillanais.com\/index.php\/reglement-interieur\/"]}]},{"@type":"BreadcrumbList","@id":"https:\/\/leicaminaireseillanais.com\/index.php\/reglement-interieur\/#breadcrumb","itemListElement":[{"@type":"ListItem","position":1,"name":"Accueil","item":"https:\/\/leicaminaireseillanais.com\/"},{"@type":"ListItem","position":2,"name":"R\u00e8glement Int\u00e9rieur"}]},{"@type":"WebSite","@id":"https:\/\/leicaminaireseillanais.com\/#website","url":"https:\/\/leicaminaireseillanais.com\/","name":"Lei Camina\u00efre Seillanais","description":"Organise et encadre des randonn\u00e9es p\u00e9destres.","publisher":{"@id":"https:\/\/leicaminaireseillanais.com\/#organization"},"potentialAction":[{"@type":"SearchAction","target":{"@type":"EntryPoint","urlTemplate":"https:\/\/leicaminaireseillanais.com\/?s={search_term_string}"},"query-input":{"@type":"PropertyValueSpecification","valueRequired":true,"valueName":"search_term_string"}}],"inLanguage":"fr-FR"},{"@type":"Organization","@id":"https:\/\/leicaminaireseillanais.com\/#organization","name":"Lei Camina\u00efre Seillanais","url":"https:\/\/leicaminaireseillanais.com\/","logo":{"@type":"ImageObject","inLanguage":"fr-FR","@id":"https:\/\/leicaminaireseillanais.com\/#\/schema\/logo\/image\/","url":"https:\/\/leicaminaireseillanais.com\/wp-content\/uploads\/2025\/12\/cropped-LEI-CAMINAIRE-SEILLANAIS-LOGO-icone.png","contentUrl":"https:\/\/leicaminaireseillanais.com\/wp-content\/uploads\/2025\/12\/cropped-LEI-CAMINAIRE-SEILLANAIS-LOGO-icone.png","width":150,"height":148,"caption":"Lei Camina\u00efre Seillanais"},"image":{"@id":"https:\/\/leicaminaireseillanais.com\/#\/schema\/logo\/image\/"}}]}},"_links":{"self":[{"href":"https:\/\/leicaminaireseillanais.com\/index.php\/wp-json\/wp\/v2\/pages\/18","targetHints":{"allow":["GET"]}}],"collection":[{"href":"https:\/\/leicaminaireseillanais.com\/index.php\/wp-json\/wp\/v2\/pages"}],"about":[{"href":"https:\/\/leicaminaireseillanais.com\/index.php\/wp-json\/wp\/v2\/types\/page"}],"author":[{"embeddable":true,"href":"https:\/\/leicaminaireseillanais.com\/index.php\/wp-json\/wp\/v2\/users\/1"}],"replies":[{"embeddable":true,"href":"https:\/\/leicaminaireseillanais.com\/index.php\/wp-json\/wp\/v2\/comments?post=18"}],"version-history":[{"count":2,"href":"https:\/\/leicaminaireseillanais.com\/index.php\/wp-json\/wp\/v2\/pages\/18\/revisions"}],"predecessor-version":[{"id":99,"href":"https:\/\/leicaminaireseillanais.com\/index.php\/wp-json\/wp\/v2\/pages\/18\/revisions\/99"}],"wp:attachment":[{"href":"https:\/\/leicaminaireseillanais.com\/index.php\/wp-json\/wp\/v2\/media?parent=18"}],"curies":[{"name":"wp","href":"https:\/\/api.w.org\/{rel}","templated":true}]}}